{"id":540,"date":"2026-02-09T15:00:19","date_gmt":"2026-02-09T14:00:19","guid":{"rendered":"https:\/\/www.wallvideo.es\/empremta\/"},"modified":"2026-02-09T15:43:50","modified_gmt":"2026-02-09T14:43:50","slug":"empremta","status":"publish","type":"page","link":"https:\/\/www.wallvideo.es\/es\/empremta\/","title":{"rendered":"Aviso legal"},"content":{"rendered":"\n<!-- Legal document generated by Complianz | GDPR\/CCPA Cookie Consent https:\/\/wordpress.org\/plugins\/complianz-gdpr -->\n<div id=\"cmplz-document\" class=\"cmplz-document impressum cmplz-document-all\"><p><i>Este aviso legal \/ imprint fue actualizado por \u00faltima vez el 9 de febrero de 2026.<\/i><\/p><p class=\"cmplz-subtitle\">El propietario de esta web es:<\/p><p>Wall Video SA SA<br>AVENIDA DEL MARESME, 124 - PISO 2 PTA 2 8918 badalona<br>Espa\u00f1a<br>Correo electr\u00f3nico:&nbsp;&#105;&#110;fo&#064;w&#097;&#108;&#108;video&#046;es<br>N\u00famero de tel\u00e9fono: +34 93 383 20 06<br>CIF (N\u00famero de IVA):&nbsp;A59023051<\/p><h2>1. General<\/h2><p>No estamos dispuestos ni obligados a participar en procedimientos de resoluci\u00f3n de conflictos ante una junta de arbitraje de consumo.<\/p><\/div>\n","protected":false},"excerpt":{"rendered":"","protected":false},"author":1,"featured_media":0,"parent":0,"menu_order":0,"comment_status":"closed","ping_status":"closed","template":"","meta":{"footnotes":""},"class_list":["post-540","page","type-page","status-publish"],"_links":{"self":[{"href":"https:\/\/www.wallvideo.es\/es\/wp-json\/wp\/v2\/pages\/540","targetHints":{"allow":["GET"]}}],"collection":[{"href":"https:\/\/www.wallvideo.es\/es\/wp-json\/wp\/v2\/pages"}],"about":[{"href":"https:\/\/www.wallvideo.es\/es\/wp-json\/wp\/v2\/types\/page"}],"author":[{"embeddable":true,"href":"https:\/\/www.wallvideo.es\/es\/wp-json\/wp\/v2\/users\/1"}],"replies":[{"embeddable":true,"href":"https:\/\/www.wallvideo.es\/es\/wp-json\/wp\/v2\/comments?post=540"}],"version-history":[{"count":1,"href":"https:\/\/www.wallvideo.es\/es\/wp-json\/wp\/v2\/pages\/540\/revisions"}],"predecessor-version":[{"id":541,"href":"https:\/\/www.wallvideo.es\/es\/wp-json\/wp\/v2\/pages\/540\/revisions\/541"}],"wp:attachment":[{"href":"https:\/\/www.wallvideo.es\/es\/wp-json\/wp\/v2\/media?parent=540"}],"curies":[{"name":"wp","href":"https:\/\/api.w.org\/{rel}","templated":true}]}}