{"id":352,"date":"2026-01-22T09:30:10","date_gmt":"2026-01-22T08:30:10","guid":{"rendered":"https:\/\/www.wallvideo.es\/visites-guiades\/"},"modified":"2026-02-09T15:53:48","modified_gmt":"2026-02-09T14:53:48","slug":"visitas-guiadas","status":"publish","type":"page","link":"https:\/\/www.wallvideo.es\/es\/visitas-guiadas\/","title":{"rendered":"Visitas guiadas"},"content":{"rendered":"\t\t<div data-elementor-type=\"wp-page\" data-elementor-id=\"352\" class=\"elementor elementor-352 elementor-11\" data-elementor-post-type=\"page\">\n\t\t\t\t<div class=\"elementor-element elementor-element-65dfde7 e-flex e-con-boxed e-con e-parent\" data-id=\"65dfde7\" data-element_type=\"container\" data-e-type=\"container\">\n\t\t\t\t\t<div class=\"e-con-inner\">\n\t\t\t\t<div class=\"elementor-element elementor-element-8a3b9c4 elementor-view-default elementor-invisible elementor-widget elementor-widget-icon\" data-id=\"8a3b9c4\" data-element_type=\"widget\" data-e-type=\"widget\" data-settings=\"{&quot;_animation&quot;:&quot;fadeInDown&quot;}\" data-widget_type=\"icon.default\">\n\t\t\t\t\t\t\t<div class=\"elementor-icon-wrapper\">\n\t\t\t<div class=\"elementor-icon\">\n\t\t\t<svg xmlns=\"http:\/\/www.w3.org\/2000\/svg\" width=\"39\" height=\"40\" viewBox=\"0 0 39 40\" fill=\"none\"><path d=\"M31.4119 26.6765L5.33695 0L0 5.57759L25.9771 32.1539H3.589V40H39V3.38493H31.4119V26.6765Z\" fill=\"\"><\/path><\/svg>\t\t\t<\/div>\n\t\t<\/div>\n\t\t\t\t\t\t<\/div>\n\t\t\t\t<div class=\"elementor-element elementor-element-e3dc947 elementor-widget__width-initial elementor-invisible elementor-widget elementor-widget-heading\" data-id=\"e3dc947\" data-element_type=\"widget\" data-e-type=\"widget\" data-settings=\"{&quot;_animation&quot;:&quot;fadeInUp&quot;}\" data-widget_type=\"heading.default\">\n\t\t\t\t\t<h2 class=\"elementor-heading-title elementor-size-default\">Sistemas de visitas guiadas (Infoguia) y tour guide system<\/h2>\t\t\t\t<\/div>\n\t\t\t\t<div class=\"elementor-element elementor-element-269fefd elementor-widget__width-initial elementor-invisible elementor-widget elementor-widget-text-editor\" data-id=\"269fefd\" data-element_type=\"widget\" data-e-type=\"widget\" data-settings=\"{&quot;_animation&quot;:&quot;fadeInUp&quot;}\" data-widget_type=\"text-editor.default\">\n\t\t\t\t\t\t\t\t\t<p>Tu mensaje llegar\u00e1 a todo el mundo, en todas partes. Sistemas de transmisi\u00f3n n\u00edtida para entornos en movimiento. Movilidad y claridad sonora para experiencias inmersivas.<\/p>\t\t\t\t\t\t\t\t<\/div>\n\t\t\t\t\t<\/div>\n\t\t\t\t<\/div>\n\t\t<div class=\"elementor-element elementor-element-5164b72 e-flex e-con-boxed e-con e-parent\" data-id=\"5164b72\" data-element_type=\"container\" data-e-type=\"container\" data-settings=\"{&quot;background_background&quot;:&quot;classic&quot;}\">\n\t\t\t\t\t<div class=\"e-con-inner\">\n\t\t<div class=\"elementor-element elementor-element-709a479 e-con-full e-flex elementor-invisible e-con e-child\" data-id=\"709a479\" data-element_type=\"container\" data-e-type=\"container\" data-settings=\"{&quot;animation&quot;:&quot;fadeInLeft&quot;}\">\n\t\t\t\t<div class=\"elementor-element elementor-element-a9de269 elementor-widget elementor-widget-image\" data-id=\"a9de269\" data-element_type=\"widget\" data-e-type=\"widget\" data-widget_type=\"image.default\">\n\t\t\t\t\t\t\t\t\t\t\t\t\t\t\t<img fetchpriority=\"high\" decoding=\"async\" width=\"900\" height=\"900\" src=\"https:\/\/www.wallvideo.es\/wp-content\/uploads\/2026\/01\/visita-guiada-calle.jpg\" class=\"attachment-large size-large wp-image-320\" alt=\"Alquiler de sistemas de gu\u00eda de grupos con audio n\u00edtido\" srcset=\"https:\/\/www.wallvideo.es\/wp-content\/uploads\/2026\/01\/visita-guiada-calle.jpg 900w, https:\/\/www.wallvideo.es\/wp-content\/uploads\/2026\/01\/visita-guiada-calle-300x300.jpg 300w, https:\/\/www.wallvideo.es\/wp-content\/uploads\/2026\/01\/visita-guiada-calle-150x150.jpg 150w, https:\/\/www.wallvideo.es\/wp-content\/uploads\/2026\/01\/visita-guiada-calle-768x768.jpg 768w\" sizes=\"(max-width: 900px) 100vw, 900px\" \/>\t\t\t\t\t\t\t\t\t\t\t\t\t\t\t<\/div>\n\t\t\t\t<\/div>\n\t\t<div class=\"elementor-element elementor-element-7da66e6 e-con-full e-flex e-con e-child\" data-id=\"7da66e6\" data-element_type=\"container\" data-e-type=\"container\">\n\t\t\t\t<div class=\"elementor-element elementor-element-87bc5a9 elementor-view-default elementor-invisible elementor-widget elementor-widget-icon\" data-id=\"87bc5a9\" data-element_type=\"widget\" data-e-type=\"widget\" data-settings=\"{&quot;_animation&quot;:&quot;fadeInDown&quot;}\" data-widget_type=\"icon.default\">\n\t\t\t\t\t\t\t<div class=\"elementor-icon-wrapper\">\n\t\t\t<div class=\"elementor-icon\">\n\t\t\t<svg xmlns=\"http:\/\/www.w3.org\/2000\/svg\" width=\"39\" height=\"40\" viewBox=\"0 0 39 40\" fill=\"none\"><path d=\"M31.4119 26.6765L5.33695 0L0 5.57759L25.9771 32.1539H3.589V40H39V3.38493H31.4119V26.6765Z\" fill=\"\"><\/path><\/svg>\t\t\t<\/div>\n\t\t<\/div>\n\t\t\t\t\t\t<\/div>\n\t\t\t\t<div class=\"elementor-element elementor-element-2c9c0f9 elementor-widget__width-initial elementor-invisible elementor-widget elementor-widget-heading\" data-id=\"2c9c0f9\" data-element_type=\"widget\" data-e-type=\"widget\" data-settings=\"{&quot;_animation&quot;:&quot;fadeInUp&quot;}\" data-widget_type=\"heading.default\">\n\t\t\t\t\t<h3 class=\"elementor-heading-title elementor-size-default\">Alquiler de sistemas de gu\u00eda de grupos con audio n\u00edtido<\/h3>\t\t\t\t<\/div>\n\t\t\t\t<div class=\"elementor-element elementor-element-0b2dd92 elementor-invisible elementor-widget elementor-widget-text-editor\" data-id=\"0b2dd92\" data-element_type=\"widget\" data-e-type=\"widget\" data-settings=\"{&quot;_animation&quot;:&quot;fadeIn&quot;}\" data-widget_type=\"text-editor.default\">\n\t\t\t\t\t\t\t\t\t<p>El sistema de visitas guiadas o <strong>infogu\u00eda<\/strong> (tambi\u00e9n conocido como <strong>tour guide system<\/strong>) es la soluci\u00f3n perfecta para grupos que necesitan movilidad sin perder calidad de audici\u00f3n. Es una herramienta indispensable para entornos en los que el ruido ambiente dificulta la comunicaci\u00f3n. Nuestros equipos son <strong>ligeros, higi\u00e9nicos y muy f\u00e1ciles de utilizar<\/strong>, ideales para todo tipo de situaciones donde es necesaria claridad sonora y libertad de movimiento.<\/p><p>Els nostres equips s\u00f3n <strong>lleugers, higi\u00e8nics i molt f\u00e0cils d&#8217;utilitzar<\/strong>, ideals per a tot tipus de situacions on cal claredat sonora i llibertat de moviment.<\/p>\t\t\t\t\t\t\t\t<\/div>\n\t\t\t\t<div class=\"elementor-element elementor-element-53d716c elementor-invisible elementor-widget elementor-widget-button\" data-id=\"53d716c\" data-element_type=\"widget\" data-e-type=\"widget\" data-settings=\"{&quot;_animation&quot;:&quot;fadeInUp&quot;}\" data-widget_type=\"button.default\">\n\t\t\t\t\t\t\t\t\t\t<a class=\"elementor-button elementor-button-link elementor-size-sm\" href=\"#formulari\">\n\t\t\t\t\t\t<span class=\"elementor-button-content-wrapper\">\n\t\t\t\t\t\t\t\t\t<span class=\"elementor-button-text\">M\u00e1s informaci\u00f3n<\/span>\n\t\t\t\t\t<\/span>\n\t\t\t\t\t<\/a>\n\t\t\t\t\t\t\t\t<\/div>\n\t\t\t\t<\/div>\n\t\t\t\t\t<\/div>\n\t\t\t\t<\/div>\n\t\t<div class=\"elementor-element elementor-element-11423bf e-flex e-con-boxed e-con e-parent\" data-id=\"11423bf\" data-element_type=\"container\" data-e-type=\"container\" data-settings=\"{&quot;background_background&quot;:&quot;classic&quot;}\">\n\t\t\t\t\t<div class=\"e-con-inner\">\n\t\t<div class=\"elementor-element elementor-element-6348e65 e-con-full e-flex e-con e-child\" data-id=\"6348e65\" data-element_type=\"container\" data-e-type=\"container\">\n\t\t\t\t<div class=\"elementor-element elementor-element-12315d7 elementor-view-default elementor-invisible elementor-widget elementor-widget-icon\" data-id=\"12315d7\" data-element_type=\"widget\" data-e-type=\"widget\" data-settings=\"{&quot;_animation&quot;:&quot;fadeInDown&quot;}\" data-widget_type=\"icon.default\">\n\t\t\t\t\t\t\t<div class=\"elementor-icon-wrapper\">\n\t\t\t<div class=\"elementor-icon\">\n\t\t\t<svg xmlns=\"http:\/\/www.w3.org\/2000\/svg\" width=\"39\" height=\"40\" viewBox=\"0 0 39 40\" fill=\"none\"><path d=\"M31.4119 26.6765L5.33695 0L0 5.57759L25.9771 32.1539H3.589V40H39V3.38493H31.4119V26.6765Z\" fill=\"\"><\/path><\/svg>\t\t\t<\/div>\n\t\t<\/div>\n\t\t\t\t\t\t<\/div>\n\t\t\t\t<div class=\"elementor-element elementor-element-8e014ec elementor-widget__width-initial elementor-invisible elementor-widget elementor-widget-heading\" data-id=\"8e014ec\" data-element_type=\"widget\" data-e-type=\"widget\" data-settings=\"{&quot;_animation&quot;:&quot;fadeInUp&quot;}\" data-widget_type=\"heading.default\">\n\t\t\t\t\t<h3 class=\"elementor-heading-title elementor-size-default\">Aplicaciones: f\u00e1bricas, turismo cultural y rutas urbanas<\/h3>\t\t\t\t<\/div>\n\t\t\t\t<div class=\"elementor-element elementor-element-6a566df elementor-invisible elementor-widget elementor-widget-text-editor\" data-id=\"6a566df\" data-element_type=\"widget\" data-e-type=\"widget\" data-settings=\"{&quot;_animation&quot;:&quot;fadeIn&quot;}\" data-widget_type=\"text-editor.default\">\n\t\t\t\t\t\t\t\t\t<p>Los sistemas de infogu\u00eda son especialmente \u00fatiles en:<\/p><ul><li><strong>Visitas a f\u00e1bricas y entornos industriales:<\/strong>garantiza que tus clientes o visitantes escuchen las explicaciones claramente, a pesar del ruido de la maquinaria.<\/li><li><strong>Turismo cultural y rutas urbanas:<\/strong>permite que el gu\u00eda hable en un tono suave mientras el grupo mantiene la distancia y escucha cada detalle.<\/li><\/ul>\t\t\t\t\t\t\t\t<\/div>\n\t\t\t\t<div class=\"elementor-element elementor-element-26b8c79 elementor-invisible elementor-widget elementor-widget-button\" data-id=\"26b8c79\" data-element_type=\"widget\" data-e-type=\"widget\" data-settings=\"{&quot;_animation&quot;:&quot;fadeInUp&quot;}\" data-widget_type=\"button.default\">\n\t\t\t\t\t\t\t\t\t\t<a class=\"elementor-button elementor-button-link elementor-size-sm\" href=\"#formulari\">\n\t\t\t\t\t\t<span class=\"elementor-button-content-wrapper\">\n\t\t\t\t\t\t\t\t\t<span class=\"elementor-button-text\">M\u00e1s informaci\u00f3n<\/span>\n\t\t\t\t\t<\/span>\n\t\t\t\t\t<\/a>\n\t\t\t\t\t\t\t\t<\/div>\n\t\t\t\t<\/div>\n\t\t<div class=\"elementor-element elementor-element-f3e3028 e-con-full e-flex elementor-invisible e-con e-child\" data-id=\"f3e3028\" data-element_type=\"container\" data-e-type=\"container\" data-settings=\"{&quot;animation&quot;:&quot;fadeInRight&quot;}\">\n\t\t\t\t<div class=\"elementor-element elementor-element-e768054 elementor-widget elementor-widget-image\" data-id=\"e768054\" data-element_type=\"widget\" data-e-type=\"widget\" data-widget_type=\"image.default\">\n\t\t\t\t\t\t\t\t\t\t\t\t\t\t\t<img decoding=\"async\" width=\"900\" height=\"900\" src=\"https:\/\/www.wallvideo.es\/wp-content\/uploads\/2026\/01\/sistema-de-visites-guiades-fabriques-turisme-cultural-i-rutes-urbanes.jpg\" class=\"attachment-large size-large wp-image-353\" alt=\"Ssitema de visitas guiadas para f\u00e1bricas, turismo cultural y rutas urbanas\" srcset=\"https:\/\/www.wallvideo.es\/wp-content\/uploads\/2026\/01\/sistema-de-visites-guiades-fabriques-turisme-cultural-i-rutes-urbanes.jpg 900w, https:\/\/www.wallvideo.es\/wp-content\/uploads\/2026\/01\/sistema-de-visites-guiades-fabriques-turisme-cultural-i-rutes-urbanes-300x300.jpg 300w, https:\/\/www.wallvideo.es\/wp-content\/uploads\/2026\/01\/sistema-de-visites-guiades-fabriques-turisme-cultural-i-rutes-urbanes-150x150.jpg 150w, https:\/\/www.wallvideo.es\/wp-content\/uploads\/2026\/01\/sistema-de-visites-guiades-fabriques-turisme-cultural-i-rutes-urbanes-768x768.jpg 768w\" sizes=\"(max-width: 900px) 100vw, 900px\" \/>\t\t\t\t\t\t\t\t\t\t\t\t\t\t\t<\/div>\n\t\t\t\t<\/div>\n\t\t\t\t\t<\/div>\n\t\t\t\t<\/div>\n\t\t<div class=\"elementor-element elementor-element-c1dc536 e-flex e-con-boxed e-con e-parent\" data-id=\"c1dc536\" data-element_type=\"container\" data-e-type=\"container\" data-settings=\"{&quot;background_background&quot;:&quot;classic&quot;}\">\n\t\t\t\t\t<div class=\"e-con-inner\">\n\t\t<div class=\"elementor-element elementor-element-27bd538 e-con-full e-flex elementor-invisible e-con e-child\" data-id=\"27bd538\" data-element_type=\"container\" data-e-type=\"container\" data-settings=\"{&quot;animation&quot;:&quot;fadeInLeft&quot;}\">\n\t\t\t\t<div class=\"elementor-element elementor-element-297da89 elementor-widget elementor-widget-image\" data-id=\"297da89\" data-element_type=\"widget\" data-e-type=\"widget\" data-widget_type=\"image.default\">\n\t\t\t\t\t\t\t\t\t\t\t\t\t\t\t<img decoding=\"async\" width=\"900\" height=\"900\" src=\"https:\/\/www.wallvideo.es\/wp-content\/uploads\/2026\/01\/Traduccio-simultania-mobil-Whispering-per-a-grups-reduits.jpg\" class=\"attachment-large size-large wp-image-355\" alt=\"Traducci\u00f3n simult\u00e1nea presencial\" srcset=\"https:\/\/www.wallvideo.es\/wp-content\/uploads\/2026\/01\/Traduccio-simultania-mobil-Whispering-per-a-grups-reduits.jpg 900w, https:\/\/www.wallvideo.es\/wp-content\/uploads\/2026\/01\/Traduccio-simultania-mobil-Whispering-per-a-grups-reduits-300x300.jpg 300w, https:\/\/www.wallvideo.es\/wp-content\/uploads\/2026\/01\/Traduccio-simultania-mobil-Whispering-per-a-grups-reduits-150x150.jpg 150w, https:\/\/www.wallvideo.es\/wp-content\/uploads\/2026\/01\/Traduccio-simultania-mobil-Whispering-per-a-grups-reduits-768x768.jpg 768w\" sizes=\"(max-width: 900px) 100vw, 900px\" \/>\t\t\t\t\t\t\t\t\t\t\t\t\t\t\t<\/div>\n\t\t\t\t<\/div>\n\t\t<div class=\"elementor-element elementor-element-31d8261 e-con-full e-flex e-con e-child\" data-id=\"31d8261\" data-element_type=\"container\" data-e-type=\"container\">\n\t\t\t\t<div class=\"elementor-element elementor-element-85ecbac elementor-view-default elementor-invisible elementor-widget elementor-widget-icon\" data-id=\"85ecbac\" data-element_type=\"widget\" data-e-type=\"widget\" data-settings=\"{&quot;_animation&quot;:&quot;fadeInDown&quot;}\" data-widget_type=\"icon.default\">\n\t\t\t\t\t\t\t<div class=\"elementor-icon-wrapper\">\n\t\t\t<div class=\"elementor-icon\">\n\t\t\t<svg xmlns=\"http:\/\/www.w3.org\/2000\/svg\" width=\"39\" height=\"40\" viewBox=\"0 0 39 40\" fill=\"none\"><path d=\"M31.4119 26.6765L5.33695 0L0 5.57759L25.9771 32.1539H3.589V40H39V3.38493H31.4119V26.6765Z\" fill=\"\"><\/path><\/svg>\t\t\t<\/div>\n\t\t<\/div>\n\t\t\t\t\t\t<\/div>\n\t\t\t\t<div class=\"elementor-element elementor-element-4479b42 elementor-widget__width-initial elementor-invisible elementor-widget elementor-widget-heading\" data-id=\"4479b42\" data-element_type=\"widget\" data-e-type=\"widget\" data-settings=\"{&quot;_animation&quot;:&quot;fadeInUp&quot;}\" data-widget_type=\"heading.default\">\n\t\t\t\t\t<h3 class=\"elementor-heading-title elementor-size-default\">Traducci\u00f3n simult\u00e1nea m\u00f3vil (Whispering) para grupos reducidos<\/h3>\t\t\t\t<\/div>\n\t\t\t\t<div class=\"elementor-element elementor-element-3f294b0 elementor-invisible elementor-widget elementor-widget-text-editor\" data-id=\"3f294b0\" data-element_type=\"widget\" data-e-type=\"widget\" data-settings=\"{&quot;_animation&quot;:&quot;fadeIn&quot;}\" data-widget_type=\"text-editor.default\">\n\t\t\t\t\t\t\t\t\t<p>Tambi\u00e9n son una excelente opci\u00f3n para <strong>traducci\u00f3n simult\u00e1nea m\u00f3vil (Whispering)<\/strong>: una alternativa \u00e1gil y econ\u00f3mica para traducciones de grupos reducidos en movimiento, sin necesidad de montajes complejos.<\/p>\t\t\t\t\t\t\t\t<\/div>\n\t\t\t\t<div class=\"elementor-element elementor-element-737add1 elementor-invisible elementor-widget elementor-widget-button\" data-id=\"737add1\" data-element_type=\"widget\" data-e-type=\"widget\" data-settings=\"{&quot;_animation&quot;:&quot;fadeInUp&quot;}\" data-widget_type=\"button.default\">\n\t\t\t\t\t\t\t\t\t\t<a class=\"elementor-button elementor-button-link elementor-size-sm\" href=\"#formulari\">\n\t\t\t\t\t\t<span class=\"elementor-button-content-wrapper\">\n\t\t\t\t\t\t\t\t\t<span class=\"elementor-button-text\">M\u00e1s informaci\u00f3n<\/span>\n\t\t\t\t\t<\/span>\n\t\t\t\t\t<\/a>\n\t\t\t\t\t\t\t\t<\/div>\n\t\t\t\t<\/div>\n\t\t\t\t\t<\/div>\n\t\t\t\t<\/div>\n\t\t\t\t<\/div>\n\t\t","protected":false},"excerpt":{"rendered":"<p>Sistemas de visitas guiadas (Infoguia) y tour guide system Tu mensaje llegar\u00e1 a todo el mundo, en todas partes. Sistemas de transmisi\u00f3n n\u00edtida para entornos en movimiento. Movilidad y claridad sonora para experiencias inmersivas. Alquiler de sistemas de gu\u00eda de grupos con audio n\u00edtido El sistema de visitas guiadas o infogu\u00eda (tambi\u00e9n conocido como tour &#8230; <a title=\"Visitas guiadas\" class=\"read-more\" href=\"https:\/\/www.wallvideo.es\/es\/visitas-guiadas\/\" aria-label=\"Leer m\u00e1s sobre Visitas guiadas\">Read more<\/a><\/p>\n","protected":false},"author":1,"featured_media":0,"parent":0,"menu_order":0,"comment_status":"closed","ping_status":"closed","template":"elementor_header_footer","meta":{"footnotes":""},"class_list":["post-352","page","type-page","status-publish"],"_links":{"self":[{"href":"https:\/\/www.wallvideo.es\/es\/wp-json\/wp\/v2\/pages\/352","targetHints":{"allow":["GET"]}}],"collection":[{"href":"https:\/\/www.wallvideo.es\/es\/wp-json\/wp\/v2\/pages"}],"about":[{"href":"https:\/\/www.wallvideo.es\/es\/wp-json\/wp\/v2\/types\/page"}],"author":[{"embeddable":true,"href":"https:\/\/www.wallvideo.es\/es\/wp-json\/wp\/v2\/users\/1"}],"replies":[{"embeddable":true,"href":"https:\/\/www.wallvideo.es\/es\/wp-json\/wp\/v2\/comments?post=352"}],"version-history":[{"count":7,"href":"https:\/\/www.wallvideo.es\/es\/wp-json\/wp\/v2\/pages\/352\/revisions"}],"predecessor-version":[{"id":486,"href":"https:\/\/www.wallvideo.es\/es\/wp-json\/wp\/v2\/pages\/352\/revisions\/486"}],"wp:attachment":[{"href":"https:\/\/www.wallvideo.es\/es\/wp-json\/wp\/v2\/media?parent=352"}],"curies":[{"name":"wp","href":"https:\/\/api.w.org\/{rel}","templated":true}]}}