{"id":337,"date":"2026-01-22T09:30:17","date_gmt":"2026-01-22T08:30:17","guid":{"rendered":"https:\/\/www.wallvideo.es\/nosaltres\/"},"modified":"2026-02-09T15:53:30","modified_gmt":"2026-02-09T14:53:30","slug":"nosotros","status":"publish","type":"page","link":"https:\/\/www.wallvideo.es\/es\/nosotros\/","title":{"rendered":"Nosotros"},"content":{"rendered":"\t\t<div data-elementor-type=\"wp-page\" data-elementor-id=\"337\" class=\"elementor elementor-337 elementor-12\" data-elementor-post-type=\"page\">\n\t\t\t\t<div class=\"elementor-element elementor-element-c01da3d e-flex e-con-boxed e-con e-parent\" data-id=\"c01da3d\" data-element_type=\"container\" data-e-type=\"container\">\n\t\t\t\t\t<div class=\"e-con-inner\">\n\t\t\t\t<div class=\"elementor-element elementor-element-96b996b elementor-view-default elementor-invisible elementor-widget elementor-widget-icon\" data-id=\"96b996b\" data-element_type=\"widget\" data-e-type=\"widget\" data-settings=\"{&quot;_animation&quot;:&quot;fadeInDown&quot;}\" data-widget_type=\"icon.default\">\n\t\t\t\t\t\t\t<div class=\"elementor-icon-wrapper\">\n\t\t\t<div class=\"elementor-icon\">\n\t\t\t<svg xmlns=\"http:\/\/www.w3.org\/2000\/svg\" width=\"39\" height=\"40\" viewBox=\"0 0 39 40\" fill=\"none\"><path d=\"M31.4119 26.6765L5.33695 0L0 5.57759L25.9771 32.1539H3.589V40H39V3.38493H31.4119V26.6765Z\" fill=\"\"><\/path><\/svg>\t\t\t<\/div>\n\t\t<\/div>\n\t\t\t\t\t\t<\/div>\n\t\t\t\t<div class=\"elementor-element elementor-element-17a1198 elementor-widget__width-initial elementor-invisible elementor-widget elementor-widget-heading\" data-id=\"17a1198\" data-element_type=\"widget\" data-e-type=\"widget\" data-settings=\"{&quot;_animation&quot;:&quot;fadeInUp&quot;}\" data-widget_type=\"heading.default\">\n\t\t\t\t\t<h2 class=\"elementor-heading-title elementor-size-default\">WallVideo SA, desde 1989<\/h2>\t\t\t\t<\/div>\n\t\t\t\t<div class=\"elementor-element elementor-element-a185cbd elementor-widget__width-initial elementor-invisible elementor-widget elementor-widget-text-editor\" data-id=\"a185cbd\" data-element_type=\"widget\" data-e-type=\"widget\" data-settings=\"{&quot;_animation&quot;:&quot;fadeInUp&quot;}\" data-widget_type=\"text-editor.default\">\n\t\t\t\t\t\t\t\t\t<p data-start=\"227\" data-end=\"336\">Una empresa familiar con m\u00e1s de 35 a\u00f1os de experiencia en servicios audiovisuales e interpretaci\u00f3n simult\u00e1nea, ofreciendo cobertura t\u00e9cnica completa para eventos corporativos e institucionales con m\u00e1xima fiabilidad.<\/p>\t\t\t\t\t\t\t\t<\/div>\n\t\t\t\t\t<\/div>\n\t\t\t\t<\/div>\n\t\t<div class=\"elementor-element elementor-element-9644256 e-flex e-con-boxed e-con e-parent\" data-id=\"9644256\" data-element_type=\"container\" data-e-type=\"container\" data-settings=\"{&quot;background_background&quot;:&quot;classic&quot;}\">\n\t\t\t\t\t<div class=\"e-con-inner\">\n\t\t<div class=\"elementor-element elementor-element-515a71e e-con-full e-flex elementor-invisible e-con e-child\" data-id=\"515a71e\" data-element_type=\"container\" data-e-type=\"container\" data-settings=\"{&quot;animation&quot;:&quot;fadeInLeft&quot;}\">\n\t\t\t\t<div class=\"elementor-element elementor-element-1bc4d8c elementor-widget elementor-widget-image\" data-id=\"1bc4d8c\" data-element_type=\"widget\" data-e-type=\"widget\" data-widget_type=\"image.default\">\n\t\t\t\t\t\t\t\t\t\t\t\t\t\t\t<img fetchpriority=\"high\" decoding=\"async\" width=\"900\" height=\"900\" src=\"https:\/\/www.wallvideo.es\/wp-content\/uploads\/2026\/01\/qui-som.png\" class=\"attachment-large size-large wp-image-338\" alt=\"Partners t\u00e9cnicos para eventos exigentes\" srcset=\"https:\/\/www.wallvideo.es\/wp-content\/uploads\/2026\/01\/qui-som.png 900w, https:\/\/www.wallvideo.es\/wp-content\/uploads\/2026\/01\/qui-som-300x300.png 300w, https:\/\/www.wallvideo.es\/wp-content\/uploads\/2026\/01\/qui-som-150x150.png 150w, https:\/\/www.wallvideo.es\/wp-content\/uploads\/2026\/01\/qui-som-768x768.png 768w\" sizes=\"(max-width: 900px) 100vw, 900px\" \/>\t\t\t\t\t\t\t\t\t\t\t\t\t\t\t<\/div>\n\t\t\t\t<\/div>\n\t\t<div class=\"elementor-element elementor-element-9e7b16d e-con-full e-flex e-con e-child\" data-id=\"9e7b16d\" data-element_type=\"container\" data-e-type=\"container\">\n\t\t\t\t<div class=\"elementor-element elementor-element-cb16b3f elementor-view-default elementor-invisible elementor-widget elementor-widget-icon\" data-id=\"cb16b3f\" data-element_type=\"widget\" data-e-type=\"widget\" data-settings=\"{&quot;_animation&quot;:&quot;fadeInDown&quot;}\" data-widget_type=\"icon.default\">\n\t\t\t\t\t\t\t<div class=\"elementor-icon-wrapper\">\n\t\t\t<div class=\"elementor-icon\">\n\t\t\t<svg xmlns=\"http:\/\/www.w3.org\/2000\/svg\" width=\"39\" height=\"40\" viewBox=\"0 0 39 40\" fill=\"none\"><path d=\"M31.4119 26.6765L5.33695 0L0 5.57759L25.9771 32.1539H3.589V40H39V3.38493H31.4119V26.6765Z\" fill=\"\"><\/path><\/svg>\t\t\t<\/div>\n\t\t<\/div>\n\t\t\t\t\t\t<\/div>\n\t\t\t\t<div class=\"elementor-element elementor-element-ea24cd7 elementor-widget__width-initial elementor-invisible elementor-widget elementor-widget-heading\" data-id=\"ea24cd7\" data-element_type=\"widget\" data-e-type=\"widget\" data-settings=\"{&quot;_animation&quot;:&quot;fadeInUp&quot;}\" data-widget_type=\"heading.default\">\n\t\t\t\t\t<h3 class=\"elementor-heading-title elementor-size-default\">Partners t\u00e9cnicos para eventos exigentes<\/h3>\t\t\t\t<\/div>\n\t\t\t\t<div class=\"elementor-element elementor-element-866394c elementor-invisible elementor-widget elementor-widget-text-editor\" data-id=\"866394c\" data-element_type=\"widget\" data-e-type=\"widget\" data-settings=\"{&quot;_animation&quot;:&quot;fadeIn&quot;}\" data-widget_type=\"text-editor.default\">\n\t\t\t\t\t\t\t\t\t<p>WallVideo SA es una empresa familiar fundada en <strong>1989<\/strong>, especializada en soluciones audiovisuales y servicios t\u00e9cnicos para eventos. Con una trayectoria consolidada y un equipo altamente calificado, trabajamos para que cada acto suene y se vea con la m\u00e1xima calidad, sea cual sea el formato o la complejidad t\u00e9cnica.<\/p><p>Actualmente, somos miembros del<strong> Catalunya Convention Bureau y contratista homologado por la Generalitat de Catalunya<\/strong>, un reconocimiento que avala nuestra <strong>solvencia, profesionalidad<\/strong> y el cumplimiento de est\u00e1ndares exigentes. Esto nos permite colaborar con instituciones y organizaciones de primer nivel, ofreciendo siempre un servicio fiable, discreto y orientado al por menor.<\/p>\t\t\t\t\t\t\t\t<\/div>\n\t\t\t\t<div class=\"elementor-element elementor-element-8022fdc elementor-invisible elementor-widget elementor-widget-button\" data-id=\"8022fdc\" data-element_type=\"widget\" data-e-type=\"widget\" data-settings=\"{&quot;_animation&quot;:&quot;fadeInUp&quot;}\" data-widget_type=\"button.default\">\n\t\t\t\t\t\t\t\t\t\t<a class=\"elementor-button elementor-button-link elementor-size-sm\" href=\"#formulari\">\n\t\t\t\t\t\t<span class=\"elementor-button-content-wrapper\">\n\t\t\t\t\t\t\t\t\t<span class=\"elementor-button-text\">M\u00e1s informaci\u00f3n<\/span>\n\t\t\t\t\t<\/span>\n\t\t\t\t\t<\/a>\n\t\t\t\t\t\t\t\t<\/div>\n\t\t\t\t<\/div>\n\t\t\t\t\t<\/div>\n\t\t\t\t<\/div>\n\t\t<div class=\"elementor-element elementor-element-fc95d9f e-flex e-con-boxed e-con e-parent\" data-id=\"fc95d9f\" data-element_type=\"container\" data-e-type=\"container\" data-settings=\"{&quot;background_background&quot;:&quot;classic&quot;}\">\n\t\t\t\t\t<div class=\"e-con-inner\">\n\t\t<div class=\"elementor-element elementor-element-ab50519 e-con-full e-flex e-con e-child\" data-id=\"ab50519\" data-element_type=\"container\" data-e-type=\"container\">\n\t\t\t\t<div class=\"elementor-element elementor-element-47f65e1 elementor-view-default elementor-invisible elementor-widget elementor-widget-icon\" data-id=\"47f65e1\" data-element_type=\"widget\" data-e-type=\"widget\" data-settings=\"{&quot;_animation&quot;:&quot;fadeInDown&quot;}\" data-widget_type=\"icon.default\">\n\t\t\t\t\t\t\t<div class=\"elementor-icon-wrapper\">\n\t\t\t<div class=\"elementor-icon\">\n\t\t\t<svg xmlns=\"http:\/\/www.w3.org\/2000\/svg\" width=\"39\" height=\"40\" viewBox=\"0 0 39 40\" fill=\"none\"><path d=\"M31.4119 26.6765L5.33695 0L0 5.57759L25.9771 32.1539H3.589V40H39V3.38493H31.4119V26.6765Z\" fill=\"\"><\/path><\/svg>\t\t\t<\/div>\n\t\t<\/div>\n\t\t\t\t\t\t<\/div>\n\t\t\t\t<div class=\"elementor-element elementor-element-26a22ae elementor-widget__width-initial elementor-invisible elementor-widget elementor-widget-heading\" data-id=\"26a22ae\" data-element_type=\"widget\" data-e-type=\"widget\" data-settings=\"{&quot;_animation&quot;:&quot;fadeInUp&quot;}\" data-widget_type=\"heading.default\">\n\t\t\t\t\t<h3 class=\"elementor-heading-title elementor-size-default\">Nuestro curr\u00edculum<\/h3>\t\t\t\t<\/div>\n\t\t\t\t<div class=\"elementor-element elementor-element-9e92897 elementor-invisible elementor-widget elementor-widget-text-editor\" data-id=\"9e92897\" data-element_type=\"widget\" data-e-type=\"widget\" data-settings=\"{&quot;_animation&quot;:&quot;fadeIn&quot;}\" data-widget_type=\"text-editor.default\">\n\t\t\t\t\t\t\t\t\t<p>A lo largo de nuestra trayectoria, hemos participado en algunos de los grandes eventos del pa\u00eds y en producciones de gran formato, aportando soluciones t\u00e9cnicas con la m\u00e1xima profesionalidad:<\/p>\t\t\t\t\t\t\t\t<\/div>\n\t\t\t\t<div class=\"elementor-element elementor-element-08eb22e elementor-invisible elementor-widget elementor-widget-text-editor\" data-id=\"08eb22e\" data-element_type=\"widget\" data-e-type=\"widget\" data-settings=\"{&quot;_animation&quot;:&quot;fadeIn&quot;}\" data-widget_type=\"text-editor.default\">\n\t\t\t\t\t\t\t\t\t<ul><li>Juegos Ol\u00edmpicos de Barcelona<\/li><li>Congreso Mundial Herbalife (15.000 delegados)<\/li><li>Presidencia Espa\u00f1ola de la Uni\u00f3n Europea \u00b7 Mundial de Nataci\u00f3n<\/li><li>Foro de las Culturas<\/li><li>150 aniversario del C\u00edrculo Ecuestre<\/li><li>3GSM \u2013 ceremonia de bienvenida<\/li><li>Barcelona World Race<\/li><li>50 aniversario de Caprabo<\/li><li>Campeonatos de Europa de Atletismo<\/li><li>50 aniversario de Condis Supermercados<\/li><li>125 aniversario de la C\u00e1mara de Comercio de Barcelona<\/li><li>Trofeo Conde de God\u00f3<\/li><li>Almuerzos C\u00e1mara<\/li><li>Rueda de prensa Premios Planeta \u00b7 Congreso OTG<\/li><li>Conferencias Zona Euromediterr\u00e1nea<\/li><li>Presentaci\u00f3n del equipo KH7 Dakar<\/li><\/ul>\t\t\t\t\t\t\t\t<\/div>\n\t\t\t\t<div class=\"elementor-element elementor-element-bafb127 elementor-invisible elementor-widget elementor-widget-button\" data-id=\"bafb127\" data-element_type=\"widget\" data-e-type=\"widget\" data-settings=\"{&quot;_animation&quot;:&quot;fadeInUp&quot;}\" data-widget_type=\"button.default\">\n\t\t\t\t\t\t\t\t\t\t<a class=\"elementor-button elementor-button-link elementor-size-sm\" href=\"#formulari\">\n\t\t\t\t\t\t<span class=\"elementor-button-content-wrapper\">\n\t\t\t\t\t\t\t\t\t<span class=\"elementor-button-text\">M\u00e1s informaci\u00f3n<\/span>\n\t\t\t\t\t<\/span>\n\t\t\t\t\t<\/a>\n\t\t\t\t\t\t\t\t<\/div>\n\t\t\t\t<\/div>\n\t\t\t\t\t<\/div>\n\t\t\t\t<\/div>\n\t\t<div class=\"elementor-element elementor-element-a2740b3 e-flex e-con-boxed e-con e-parent\" data-id=\"a2740b3\" data-element_type=\"container\" data-e-type=\"container\" data-settings=\"{&quot;background_background&quot;:&quot;classic&quot;}\">\n\t\t\t\t\t<div class=\"e-con-inner\">\n\t\t<div class=\"elementor-element elementor-element-1530eb8 e-con-full e-flex elementor-invisible e-con e-child\" data-id=\"1530eb8\" data-element_type=\"container\" data-e-type=\"container\" data-settings=\"{&quot;animation&quot;:&quot;fadeInLeft&quot;}\">\n\t\t\t\t<div class=\"elementor-element elementor-element-6eaeceb elementor-widget elementor-widget-image\" data-id=\"6eaeceb\" data-element_type=\"widget\" data-e-type=\"widget\" data-widget_type=\"image.default\">\n\t\t\t\t\t\t\t\t\t\t\t\t\t\t\t<img decoding=\"async\" width=\"900\" height=\"900\" src=\"https:\/\/www.wallvideo.es\/wp-content\/uploads\/2026\/01\/wallvideo.jpg\" class=\"attachment-large size-large wp-image-340\" alt=\"Proveedores t\u00e9cnicos de referencia\" srcset=\"https:\/\/www.wallvideo.es\/wp-content\/uploads\/2026\/01\/wallvideo.jpg 900w, https:\/\/www.wallvideo.es\/wp-content\/uploads\/2026\/01\/wallvideo-300x300.jpg 300w, https:\/\/www.wallvideo.es\/wp-content\/uploads\/2026\/01\/wallvideo-150x150.jpg 150w, https:\/\/www.wallvideo.es\/wp-content\/uploads\/2026\/01\/wallvideo-768x768.jpg 768w\" sizes=\"(max-width: 900px) 100vw, 900px\" \/>\t\t\t\t\t\t\t\t\t\t\t\t\t\t\t<\/div>\n\t\t\t\t<\/div>\n\t\t<div class=\"elementor-element elementor-element-06016d6 e-con-full e-flex e-con e-child\" data-id=\"06016d6\" data-element_type=\"container\" data-e-type=\"container\">\n\t\t\t\t<div class=\"elementor-element elementor-element-9614fc0 elementor-view-default elementor-invisible elementor-widget elementor-widget-icon\" data-id=\"9614fc0\" data-element_type=\"widget\" data-e-type=\"widget\" data-settings=\"{&quot;_animation&quot;:&quot;fadeInDown&quot;}\" data-widget_type=\"icon.default\">\n\t\t\t\t\t\t\t<div class=\"elementor-icon-wrapper\">\n\t\t\t<div class=\"elementor-icon\">\n\t\t\t<svg xmlns=\"http:\/\/www.w3.org\/2000\/svg\" width=\"39\" height=\"40\" viewBox=\"0 0 39 40\" fill=\"none\"><path d=\"M31.4119 26.6765L5.33695 0L0 5.57759L25.9771 32.1539H3.589V40H39V3.38493H31.4119V26.6765Z\" fill=\"\"><\/path><\/svg>\t\t\t<\/div>\n\t\t<\/div>\n\t\t\t\t\t\t<\/div>\n\t\t\t\t<div class=\"elementor-element elementor-element-2cd9233 elementor-widget__width-initial elementor-invisible elementor-widget elementor-widget-heading\" data-id=\"2cd9233\" data-element_type=\"widget\" data-e-type=\"widget\" data-settings=\"{&quot;_animation&quot;:&quot;fadeInUp&quot;}\" data-widget_type=\"heading.default\">\n\t\t\t\t\t<h3 class=\"elementor-heading-title elementor-size-default\">Proveedores t\u00e9cnicos de referencia<\/h3>\t\t\t\t<\/div>\n\t\t\t\t<div class=\"elementor-element elementor-element-8eb3ebc elementor-invisible elementor-widget elementor-widget-text-editor\" data-id=\"8eb3ebc\" data-element_type=\"widget\" data-e-type=\"widget\" data-settings=\"{&quot;_animation&quot;:&quot;fadeIn&quot;}\" data-widget_type=\"text-editor.default\">\n\t\t\t\t\t\t\t\t\t<p>Tambi\u00e9n trabajamos como <strong>colaboradores t\u00e9cnicos<\/strong> para entidades y espacios de primer nivel:<\/p><ul><li>Asistencia t\u00e9cnica para el \u00c1rea Metropolitana de Barcelona<\/li><li>Asistencia t\u00e9cnica para la C\u00e1mara de Comercio (Casa Llotja de Mar)<\/li><li>Asistencia t\u00e9cnica para el Consorcio de la Comunidad de Trabajo de Trabajo de los Pirineos<\/li><li>Asistencia t\u00e9cnica para la Ciudad de la Justicia (Tribunales)<\/li><li>Equipos audiovisuales para Casa Convalecencia<\/li><li>Equipos de traducci\u00f3n para el CCIB<\/li><li>Equipamiento exclusivo de traducci\u00f3n simult\u00e1nea para el Palacio de Congresos de Catalunya<\/li><li>Equipos de traducci\u00f3n simult\u00e1nea para el \u00e1rea de eventos y congresos de PortAventura<\/li><li>Equipos de sonido y traducci\u00f3n para el grupo hospitalario Quir\u00f3n<\/li><\/ul>\t\t\t\t\t\t\t\t<\/div>\n\t\t\t\t<div class=\"elementor-element elementor-element-72247f1 elementor-invisible elementor-widget elementor-widget-button\" data-id=\"72247f1\" data-element_type=\"widget\" data-e-type=\"widget\" data-settings=\"{&quot;_animation&quot;:&quot;fadeInUp&quot;}\" data-widget_type=\"button.default\">\n\t\t\t\t\t\t\t\t\t\t<a class=\"elementor-button elementor-button-link elementor-size-sm\" href=\"#formulari\">\n\t\t\t\t\t\t<span class=\"elementor-button-content-wrapper\">\n\t\t\t\t\t\t\t\t\t<span class=\"elementor-button-text\">M\u00e1s informaci\u00f3n<\/span>\n\t\t\t\t\t<\/span>\n\t\t\t\t\t<\/a>\n\t\t\t\t\t\t\t\t<\/div>\n\t\t\t\t<\/div>\n\t\t\t\t\t<\/div>\n\t\t\t\t<\/div>\n\t\t\t\t<\/div>\n\t\t","protected":false},"excerpt":{"rendered":"<p>WallVideo SA, desde 1989 Una empresa familiar con m\u00e1s de 35 a\u00f1os de experiencia en servicios audiovisuales e interpretaci\u00f3n simult\u00e1nea, ofreciendo cobertura t\u00e9cnica completa para eventos corporativos e institucionales con m\u00e1xima fiabilidad. Partners t\u00e9cnicos para eventos exigentes WallVideo SA es una empresa familiar fundada en 1989, especializada en soluciones audiovisuales y servicios t\u00e9cnicos para eventos. &#8230; <a title=\"Nosotros\" class=\"read-more\" href=\"https:\/\/www.wallvideo.es\/es\/nosotros\/\" aria-label=\"Leer m\u00e1s sobre Nosotros\">Read more<\/a><\/p>\n","protected":false},"author":1,"featured_media":0,"parent":0,"menu_order":0,"comment_status":"closed","ping_status":"closed","template":"elementor_header_footer","meta":{"footnotes":""},"class_list":["post-337","page","type-page","status-publish"],"_links":{"self":[{"href":"https:\/\/www.wallvideo.es\/es\/wp-json\/wp\/v2\/pages\/337","targetHints":{"allow":["GET"]}}],"collection":[{"href":"https:\/\/www.wallvideo.es\/es\/wp-json\/wp\/v2\/pages"}],"about":[{"href":"https:\/\/www.wallvideo.es\/es\/wp-json\/wp\/v2\/types\/page"}],"author":[{"embeddable":true,"href":"https:\/\/www.wallvideo.es\/es\/wp-json\/wp\/v2\/users\/1"}],"replies":[{"embeddable":true,"href":"https:\/\/www.wallvideo.es\/es\/wp-json\/wp\/v2\/comments?post=337"}],"version-history":[{"count":7,"href":"https:\/\/www.wallvideo.es\/es\/wp-json\/wp\/v2\/pages\/337\/revisions"}],"predecessor-version":[{"id":480,"href":"https:\/\/www.wallvideo.es\/es\/wp-json\/wp\/v2\/pages\/337\/revisions\/480"}],"wp:attachment":[{"href":"https:\/\/www.wallvideo.es\/es\/wp-json\/wp\/v2\/media?parent=337"}],"curies":[{"name":"wp","href":"https:\/\/api.w.org\/{rel}","templated":true}]}}