{"id":319,"date":"2026-01-22T09:29:57","date_gmt":"2026-01-22T08:29:57","guid":{"rendered":"https:\/\/www.wallvideo.es\/microfonia\/"},"modified":"2026-02-09T15:54:11","modified_gmt":"2026-02-09T14:54:11","slug":"microfonia","status":"publish","type":"page","link":"https:\/\/www.wallvideo.es\/es\/microfonia\/","title":{"rendered":"Microfon\u00eda"},"content":{"rendered":"\t\t<div data-elementor-type=\"wp-page\" data-elementor-id=\"319\" class=\"elementor elementor-319 elementor-10\" data-elementor-post-type=\"page\">\n\t\t\t\t<div class=\"elementor-element elementor-element-3e2cec7 e-flex e-con-boxed e-con e-parent\" data-id=\"3e2cec7\" data-element_type=\"container\" data-e-type=\"container\">\n\t\t\t\t\t<div class=\"e-con-inner\">\n\t\t\t\t<div class=\"elementor-element elementor-element-4439e8b elementor-view-default elementor-invisible elementor-widget elementor-widget-icon\" data-id=\"4439e8b\" data-element_type=\"widget\" data-e-type=\"widget\" data-settings=\"{&quot;_animation&quot;:&quot;fadeInDown&quot;}\" data-widget_type=\"icon.default\">\n\t\t\t\t\t\t\t<div class=\"elementor-icon-wrapper\">\n\t\t\t<div class=\"elementor-icon\">\n\t\t\t<svg xmlns=\"http:\/\/www.w3.org\/2000\/svg\" width=\"39\" height=\"40\" viewBox=\"0 0 39 40\" fill=\"none\"><path d=\"M31.4119 26.6765L5.33695 0L0 5.57759L25.9771 32.1539H3.589V40H39V3.38493H31.4119V26.6765Z\" fill=\"\"><\/path><\/svg>\t\t\t<\/div>\n\t\t<\/div>\n\t\t\t\t\t\t<\/div>\n\t\t\t\t<div class=\"elementor-element elementor-element-8993875 elementor-widget__width-initial elementor-invisible elementor-widget elementor-widget-heading\" data-id=\"8993875\" data-element_type=\"widget\" data-e-type=\"widget\" data-settings=\"{&quot;_animation&quot;:&quot;fadeInUp&quot;}\" data-widget_type=\"heading.default\">\n\t\t\t\t\t<h2 class=\"elementor-heading-title elementor-size-default\">Alquiler de microfon\u00eda profesional y audio de alta fidelidad para eventos<\/h2>\t\t\t\t<\/div>\n\t\t\t\t<div class=\"elementor-element elementor-element-6176ec5 elementor-widget__width-initial elementor-invisible elementor-widget elementor-widget-text-editor\" data-id=\"6176ec5\" data-element_type=\"widget\" data-e-type=\"widget\" data-settings=\"{&quot;_animation&quot;:&quot;fadeInUp&quot;}\" data-widget_type=\"text-editor.default\">\n\t\t\t\t\t\t\t\t\t<p>Soluciones de conferencia con microfon\u00eda de sobremesa y control de turnos para una comunicaci\u00f3n impecable, ideales para reuniones, mesas redondas y actos oficiales en los que la claridad y el orden son clave.<\/p>\t\t\t\t\t\t\t\t<\/div>\n\t\t\t\t\t<\/div>\n\t\t\t\t<\/div>\n\t\t<div class=\"elementor-element elementor-element-611b33c e-flex e-con-boxed e-con e-parent\" data-id=\"611b33c\" data-element_type=\"container\" data-e-type=\"container\" data-settings=\"{&quot;background_background&quot;:&quot;classic&quot;}\">\n\t\t\t\t\t<div class=\"e-con-inner\">\n\t\t<div class=\"elementor-element elementor-element-b7099e7 e-con-full e-flex elementor-invisible e-con e-child\" data-id=\"b7099e7\" data-element_type=\"container\" data-e-type=\"container\" data-settings=\"{&quot;animation&quot;:&quot;fadeInLeft&quot;}\">\n\t\t\t\t<div class=\"elementor-element elementor-element-4e1d688 elementor-widget elementor-widget-image\" data-id=\"4e1d688\" data-element_type=\"widget\" data-e-type=\"widget\" data-widget_type=\"image.default\">\n\t\t\t\t\t\t\t\t\t\t\t\t\t\t\t<img fetchpriority=\"high\" decoding=\"async\" width=\"900\" height=\"900\" src=\"https:\/\/www.wallvideo.es\/wp-content\/uploads\/2026\/01\/Lloguer-de-microfonia-professional-.jpg\" class=\"attachment-large size-large wp-image-323\" alt=\"Alquiler de microfon\u00eda profesional\" srcset=\"https:\/\/www.wallvideo.es\/wp-content\/uploads\/2026\/01\/Lloguer-de-microfonia-professional-.jpg 900w, https:\/\/www.wallvideo.es\/wp-content\/uploads\/2026\/01\/Lloguer-de-microfonia-professional--300x300.jpg 300w, https:\/\/www.wallvideo.es\/wp-content\/uploads\/2026\/01\/Lloguer-de-microfonia-professional--150x150.jpg 150w, https:\/\/www.wallvideo.es\/wp-content\/uploads\/2026\/01\/Lloguer-de-microfonia-professional--768x768.jpg 768w\" sizes=\"(max-width: 900px) 100vw, 900px\" \/>\t\t\t\t\t\t\t\t\t\t\t\t\t\t\t<\/div>\n\t\t\t\t<\/div>\n\t\t<div class=\"elementor-element elementor-element-e96e5dc e-con-full e-flex e-con e-child\" data-id=\"e96e5dc\" data-element_type=\"container\" data-e-type=\"container\">\n\t\t\t\t<div class=\"elementor-element elementor-element-4eb8708 elementor-view-default elementor-invisible elementor-widget elementor-widget-icon\" data-id=\"4eb8708\" data-element_type=\"widget\" data-e-type=\"widget\" data-settings=\"{&quot;_animation&quot;:&quot;fadeInDown&quot;}\" data-widget_type=\"icon.default\">\n\t\t\t\t\t\t\t<div class=\"elementor-icon-wrapper\">\n\t\t\t<div class=\"elementor-icon\">\n\t\t\t<svg xmlns=\"http:\/\/www.w3.org\/2000\/svg\" width=\"39\" height=\"40\" viewBox=\"0 0 39 40\" fill=\"none\"><path d=\"M31.4119 26.6765L5.33695 0L0 5.57759L25.9771 32.1539H3.589V40H39V3.38493H31.4119V26.6765Z\" fill=\"\"><\/path><\/svg>\t\t\t<\/div>\n\t\t<\/div>\n\t\t\t\t\t\t<\/div>\n\t\t\t\t<div class=\"elementor-element elementor-element-e30a965 elementor-widget__width-initial elementor-invisible elementor-widget elementor-widget-heading\" data-id=\"e30a965\" data-element_type=\"widget\" data-e-type=\"widget\" data-settings=\"{&quot;_animation&quot;:&quot;fadeInUp&quot;}\" data-widget_type=\"heading.default\">\n\t\t\t\t\t<h3 class=\"elementor-heading-title elementor-size-default\">Tu voz, con la m\u00e1xima claridad<\/h3>\t\t\t\t<\/div>\n\t\t\t\t<div class=\"elementor-element elementor-element-60f73b5 elementor-invisible elementor-widget elementor-widget-text-editor\" data-id=\"60f73b5\" data-element_type=\"widget\" data-e-type=\"widget\" data-settings=\"{&quot;_animation&quot;:&quot;fadeIn&quot;}\" data-widget_type=\"text-editor.default\">\n\t\t\t\t\t\t\t\t\t<p>En cualquier acto p\u00fablico, el sonido es clave: si no se oye bien, el mensaje se pierde. En <strong>WallVideo SA<\/strong> ofrecemos <strong>alquiler de microfon\u00eda profesional y equipo de sonido de alta fidelidad<\/strong> para todo tipo de eventos, desde <strong>ruedas de prensa y presentaciones corporativas<\/strong>, hasta <strong>congresos y auditorios<\/strong>.<\/p><p>Trabajamos con tecnolog\u00eda pensada para garantizar una <strong>voz n\u00edtida y potente<\/strong>, sin ensamblajes ni ruidos de fondo, para que tu mensaje llegue con impacto y seguridad.<\/p>\t\t\t\t\t\t\t\t<\/div>\n\t\t\t\t<div class=\"elementor-element elementor-element-3ffa775 elementor-invisible elementor-widget elementor-widget-button\" data-id=\"3ffa775\" data-element_type=\"widget\" data-e-type=\"widget\" data-settings=\"{&quot;_animation&quot;:&quot;fadeInUp&quot;}\" data-widget_type=\"button.default\">\n\t\t\t\t\t\t\t\t\t\t<a class=\"elementor-button elementor-button-link elementor-size-sm\" href=\"#formulari\">\n\t\t\t\t\t\t<span class=\"elementor-button-content-wrapper\">\n\t\t\t\t\t\t\t\t\t<span class=\"elementor-button-text\">M\u00e1s informaci\u00f3n<\/span>\n\t\t\t\t\t<\/span>\n\t\t\t\t\t<\/a>\n\t\t\t\t\t\t\t\t<\/div>\n\t\t\t\t<\/div>\n\t\t\t\t\t<\/div>\n\t\t\t\t<\/div>\n\t\t<div class=\"elementor-element elementor-element-c38b26f e-flex e-con-boxed e-con e-parent\" data-id=\"c38b26f\" data-element_type=\"container\" data-e-type=\"container\" data-settings=\"{&quot;background_background&quot;:&quot;classic&quot;}\">\n\t\t\t\t\t<div class=\"e-con-inner\">\n\t\t<div class=\"elementor-element elementor-element-b8b57f7 e-con-full e-flex e-con e-child\" data-id=\"b8b57f7\" data-element_type=\"container\" data-e-type=\"container\">\n\t\t\t\t<div class=\"elementor-element elementor-element-09eb180 elementor-view-default elementor-invisible elementor-widget elementor-widget-icon\" data-id=\"09eb180\" data-element_type=\"widget\" data-e-type=\"widget\" data-settings=\"{&quot;_animation&quot;:&quot;fadeInDown&quot;}\" data-widget_type=\"icon.default\">\n\t\t\t\t\t\t\t<div class=\"elementor-icon-wrapper\">\n\t\t\t<div class=\"elementor-icon\">\n\t\t\t<svg xmlns=\"http:\/\/www.w3.org\/2000\/svg\" width=\"39\" height=\"40\" viewBox=\"0 0 39 40\" fill=\"none\"><path d=\"M31.4119 26.6765L5.33695 0L0 5.57759L25.9771 32.1539H3.589V40H39V3.38493H31.4119V26.6765Z\" fill=\"\"><\/path><\/svg>\t\t\t<\/div>\n\t\t<\/div>\n\t\t\t\t\t\t<\/div>\n\t\t\t\t<div class=\"elementor-element elementor-element-6bac47f elementor-widget__width-initial elementor-invisible elementor-widget elementor-widget-heading\" data-id=\"6bac47f\" data-element_type=\"widget\" data-e-type=\"widget\" data-settings=\"{&quot;_animation&quot;:&quot;fadeInUp&quot;}\" data-widget_type=\"heading.default\">\n\t\t\t\t\t<h3 class=\"elementor-heading-title elementor-size-default\">Sistemas de debate y conferencia<\/h3>\t\t\t\t<\/div>\n\t\t\t\t<div class=\"elementor-element elementor-element-2f310d6 elementor-invisible elementor-widget elementor-widget-text-editor\" data-id=\"2f310d6\" data-element_type=\"widget\" data-e-type=\"widget\" data-settings=\"{&quot;_animation&quot;:&quot;fadeIn&quot;}\" data-widget_type=\"text-editor.default\">\n\t\t\t\t\t\t\t\t\t<p>Ofrecemos <strong>microfon\u00eda de sobremesa con cable o inal\u00e1mbrico<\/strong> dise\u00f1ada para garantizar orden, claridad y control del sonido en entornos profesionales. Los sistemas permiten <strong>gestionar turnos de palabra<\/strong> y asegurar que cada intervenci\u00f3n se escuche con una <strong>calidad \u00f3ptima<\/strong>, sin interferencias ni ensamblajes.<\/p><p>Es una soluci\u00f3n ideal para <strong>mesas redondas, consejos de administraci\u00f3n, plenos institucionales y actos oficiales<\/strong>, donde la comunicaci\u00f3n debe ser clara y estructurada. Los equipos pueden integrarse con <strong>megafon\u00eda, grabaci\u00f3n de audio o sistemas de streaming<\/strong> para eventos presenciales o h\u00edbridos.<\/p>\t\t\t\t\t\t\t\t<\/div>\n\t\t\t\t<div class=\"elementor-element elementor-element-163de1a elementor-invisible elementor-widget elementor-widget-button\" data-id=\"163de1a\" data-element_type=\"widget\" data-e-type=\"widget\" data-settings=\"{&quot;_animation&quot;:&quot;fadeInUp&quot;}\" data-widget_type=\"button.default\">\n\t\t\t\t\t\t\t\t\t\t<a class=\"elementor-button elementor-button-link elementor-size-sm\" href=\"#formulari\">\n\t\t\t\t\t\t<span class=\"elementor-button-content-wrapper\">\n\t\t\t\t\t\t\t\t\t<span class=\"elementor-button-text\">M\u00e1s informaci\u00f3n<\/span>\n\t\t\t\t\t<\/span>\n\t\t\t\t\t<\/a>\n\t\t\t\t\t\t\t\t<\/div>\n\t\t\t\t<\/div>\n\t\t<div class=\"elementor-element elementor-element-bcb83e7 e-con-full e-flex elementor-invisible e-con e-child\" data-id=\"bcb83e7\" data-element_type=\"container\" data-e-type=\"container\" data-settings=\"{&quot;animation&quot;:&quot;fadeInRight&quot;}\">\n\t\t\t\t<div class=\"elementor-element elementor-element-b2018f8 elementor-widget elementor-widget-image\" data-id=\"b2018f8\" data-element_type=\"widget\" data-e-type=\"widget\" data-widget_type=\"image.default\">\n\t\t\t\t\t\t\t\t\t\t\t\t\t\t\t<img decoding=\"async\" width=\"900\" height=\"900\" src=\"https:\/\/www.wallvideo.es\/wp-content\/uploads\/2026\/01\/Sistemes-de-debat-i-conferencia-1.jpg\" class=\"attachment-large size-large wp-image-324\" alt=\"Sistemas de debate y conferencia\" srcset=\"https:\/\/www.wallvideo.es\/wp-content\/uploads\/2026\/01\/Sistemes-de-debat-i-conferencia-1.jpg 900w, https:\/\/www.wallvideo.es\/wp-content\/uploads\/2026\/01\/Sistemes-de-debat-i-conferencia-1-300x300.jpg 300w, https:\/\/www.wallvideo.es\/wp-content\/uploads\/2026\/01\/Sistemes-de-debat-i-conferencia-1-150x150.jpg 150w, https:\/\/www.wallvideo.es\/wp-content\/uploads\/2026\/01\/Sistemes-de-debat-i-conferencia-1-768x768.jpg 768w\" sizes=\"(max-width: 900px) 100vw, 900px\" \/>\t\t\t\t\t\t\t\t\t\t\t\t\t\t\t<\/div>\n\t\t\t\t<\/div>\n\t\t\t\t\t<\/div>\n\t\t\t\t<\/div>\n\t\t\t\t<\/div>\n\t\t","protected":false},"excerpt":{"rendered":"<p>Alquiler de microfon\u00eda profesional y audio de alta fidelidad para eventos Soluciones de conferencia con microfon\u00eda de sobremesa y control de turnos para una comunicaci\u00f3n impecable, ideales para reuniones, mesas redondas y actos oficiales en los que la claridad y el orden son clave. Tu voz, con la m\u00e1xima claridad En cualquier acto p\u00fablico, el &#8230; <a title=\"Microfon\u00eda\" class=\"read-more\" href=\"https:\/\/www.wallvideo.es\/es\/microfonia\/\" aria-label=\"Leer m\u00e1s sobre Microfon\u00eda\">Read more<\/a><\/p>\n","protected":false},"author":1,"featured_media":0,"parent":0,"menu_order":0,"comment_status":"closed","ping_status":"closed","template":"elementor_header_footer","meta":{"footnotes":""},"class_list":["post-319","page","type-page","status-publish"],"_links":{"self":[{"href":"https:\/\/www.wallvideo.es\/es\/wp-json\/wp\/v2\/pages\/319","targetHints":{"allow":["GET"]}}],"collection":[{"href":"https:\/\/www.wallvideo.es\/es\/wp-json\/wp\/v2\/pages"}],"about":[{"href":"https:\/\/www.wallvideo.es\/es\/wp-json\/wp\/v2\/types\/page"}],"author":[{"embeddable":true,"href":"https:\/\/www.wallvideo.es\/es\/wp-json\/wp\/v2\/users\/1"}],"replies":[{"embeddable":true,"href":"https:\/\/www.wallvideo.es\/es\/wp-json\/wp\/v2\/comments?post=319"}],"version-history":[{"count":7,"href":"https:\/\/www.wallvideo.es\/es\/wp-json\/wp\/v2\/pages\/319\/revisions"}],"predecessor-version":[{"id":477,"href":"https:\/\/www.wallvideo.es\/es\/wp-json\/wp\/v2\/pages\/319\/revisions\/477"}],"wp:attachment":[{"href":"https:\/\/www.wallvideo.es\/es\/wp-json\/wp\/v2\/media?parent=319"}],"curies":[{"name":"wp","href":"https:\/\/api.w.org\/{rel}","templated":true}]}}