{"id":286,"date":"2026-01-22T09:29:20","date_gmt":"2026-01-22T08:29:20","guid":{"rendered":"https:\/\/www.wallvideo.es\/traduccio-simultania\/"},"modified":"2026-02-09T15:54:31","modified_gmt":"2026-02-09T14:54:31","slug":"traduccion-simultanea","status":"publish","type":"page","link":"https:\/\/www.wallvideo.es\/es\/traduccion-simultanea\/","title":{"rendered":"Traducci\u00f3n simult\u00e1nea"},"content":{"rendered":"\t\t<div data-elementor-type=\"wp-page\" data-elementor-id=\"286\" class=\"elementor elementor-286 elementor-7\" data-elementor-post-type=\"page\">\n\t\t\t\t<div class=\"elementor-element elementor-element-ed2e7eb e-flex e-con-boxed e-con e-parent\" data-id=\"ed2e7eb\" data-element_type=\"container\" data-e-type=\"container\">\n\t\t\t\t\t<div class=\"e-con-inner\">\n\t\t\t\t<div class=\"elementor-element elementor-element-7df157c elementor-view-default elementor-invisible elementor-widget elementor-widget-icon\" data-id=\"7df157c\" data-element_type=\"widget\" data-e-type=\"widget\" data-settings=\"{&quot;_animation&quot;:&quot;fadeInDown&quot;}\" data-widget_type=\"icon.default\">\n\t\t\t\t\t\t\t<div class=\"elementor-icon-wrapper\">\n\t\t\t<div class=\"elementor-icon\">\n\t\t\t<svg xmlns=\"http:\/\/www.w3.org\/2000\/svg\" width=\"39\" height=\"40\" viewBox=\"0 0 39 40\" fill=\"none\"><path d=\"M31.4119 26.6765L5.33695 0L0 5.57759L25.9771 32.1539H3.589V40H39V3.38493H31.4119V26.6765Z\" fill=\"\"><\/path><\/svg>\t\t\t<\/div>\n\t\t<\/div>\n\t\t\t\t\t\t<\/div>\n\t\t\t\t<div class=\"elementor-element elementor-element-14fc9af elementor-widget__width-initial elementor-invisible elementor-widget elementor-widget-heading\" data-id=\"14fc9af\" data-element_type=\"widget\" data-e-type=\"widget\" data-settings=\"{&quot;_animation&quot;:&quot;fadeInUp&quot;}\" data-widget_type=\"heading.default\">\n\t\t\t\t\t<h2 class=\"elementor-heading-title elementor-size-default\">Interpretaci\u00f3n simult\u00e1nea profesional para eventos multiling\u00fces<\/h2>\t\t\t\t<\/div>\n\t\t\t\t<div class=\"elementor-element elementor-element-a0f2800 elementor-widget__width-initial elementor-invisible elementor-widget elementor-widget-text-editor\" data-id=\"a0f2800\" data-element_type=\"widget\" data-e-type=\"widget\" data-settings=\"{&quot;_animation&quot;:&quot;fadeInUp&quot;}\" data-widget_type=\"text-editor.default\">\n\t\t\t\t\t\t\t\t\t<p>Ofrecemos un servicio completo que se adapta a cualquier formato de evento, garantizando la m\u00e1xima <strong>confidencialidad<\/strong>,<strong> calidad de sonido<\/strong> y una experiencia fluida para ponentes y asistentes.<\/p>\t\t\t\t\t\t\t\t<\/div>\n\t\t\t\t\t<\/div>\n\t\t\t\t<\/div>\n\t\t<div class=\"elementor-element elementor-element-51c7061 e-flex e-con-boxed e-con e-parent\" data-id=\"51c7061\" data-element_type=\"container\" data-e-type=\"container\" data-settings=\"{&quot;background_background&quot;:&quot;classic&quot;}\">\n\t\t\t\t\t<div class=\"e-con-inner\">\n\t\t<div class=\"elementor-element elementor-element-a1e6b08 e-con-full e-flex elementor-invisible e-con e-child\" data-id=\"a1e6b08\" data-element_type=\"container\" data-e-type=\"container\" data-settings=\"{&quot;animation&quot;:&quot;fadeInLeft&quot;}\">\n\t\t\t\t<div class=\"elementor-element elementor-element-dd963ee elementor-widget elementor-widget-image\" data-id=\"dd963ee\" data-element_type=\"widget\" data-e-type=\"widget\" data-widget_type=\"image.default\">\n\t\t\t\t\t\t\t\t\t\t\t\t\t\t\t<img fetchpriority=\"high\" decoding=\"async\" width=\"900\" height=\"900\" src=\"https:\/\/www.wallvideo.es\/wp-content\/uploads\/2026\/01\/Traduccio-simultania-presencial-1.jpg\" class=\"attachment-large size-large wp-image-290\" alt=\"Traducci\u00f3n simultanea presencial\" srcset=\"https:\/\/www.wallvideo.es\/wp-content\/uploads\/2026\/01\/Traduccio-simultania-presencial-1.jpg 900w, https:\/\/www.wallvideo.es\/wp-content\/uploads\/2026\/01\/Traduccio-simultania-presencial-1-300x300.jpg 300w, https:\/\/www.wallvideo.es\/wp-content\/uploads\/2026\/01\/Traduccio-simultania-presencial-1-150x150.jpg 150w, https:\/\/www.wallvideo.es\/wp-content\/uploads\/2026\/01\/Traduccio-simultania-presencial-1-768x768.jpg 768w\" sizes=\"(max-width: 900px) 100vw, 900px\" \/>\t\t\t\t\t\t\t\t\t\t\t\t\t\t\t<\/div>\n\t\t\t\t<\/div>\n\t\t<div class=\"elementor-element elementor-element-b0173ca e-con-full e-flex e-con e-child\" data-id=\"b0173ca\" data-element_type=\"container\" data-e-type=\"container\">\n\t\t\t\t<div class=\"elementor-element elementor-element-51edb10 elementor-view-default elementor-invisible elementor-widget elementor-widget-icon\" data-id=\"51edb10\" data-element_type=\"widget\" data-e-type=\"widget\" data-settings=\"{&quot;_animation&quot;:&quot;fadeInDown&quot;}\" data-widget_type=\"icon.default\">\n\t\t\t\t\t\t\t<div class=\"elementor-icon-wrapper\">\n\t\t\t<div class=\"elementor-icon\">\n\t\t\t<svg xmlns=\"http:\/\/www.w3.org\/2000\/svg\" width=\"39\" height=\"40\" viewBox=\"0 0 39 40\" fill=\"none\"><path d=\"M31.4119 26.6765L5.33695 0L0 5.57759L25.9771 32.1539H3.589V40H39V3.38493H31.4119V26.6765Z\" fill=\"\"><\/path><\/svg>\t\t\t<\/div>\n\t\t<\/div>\n\t\t\t\t\t\t<\/div>\n\t\t\t\t<div class=\"elementor-element elementor-element-fdfb753 elementor-widget__width-initial elementor-invisible elementor-widget elementor-widget-heading\" data-id=\"fdfb753\" data-element_type=\"widget\" data-e-type=\"widget\" data-settings=\"{&quot;_animation&quot;:&quot;fadeInUp&quot;}\" data-widget_type=\"heading.default\">\n\t\t\t\t\t<h3 class=\"elementor-heading-title elementor-size-default\">Traducci\u00f3n simult\u00e1nea presencial<\/h3>\t\t\t\t<\/div>\n\t\t\t\t<div class=\"elementor-element elementor-element-ce8711b elementor-invisible elementor-widget elementor-widget-text-editor\" data-id=\"ce8711b\" data-element_type=\"widget\" data-e-type=\"widget\" data-settings=\"{&quot;_animation&quot;:&quot;fadeIn&quot;}\" data-widget_type=\"text-editor.default\">\n\t\t\t\t\t\t\t\t\t<ul><li><strong>Sistemas de infrarrojos digitales: <\/strong>utilizamos tecnolog\u00eda de \u00faltima generaci\u00f3n que evita interferencias lum\u00ednicas o de radio, asegurando que cada delegado reciba la se\u00f1al con una nitidez total.<\/li><li><strong>Cabinas de traducci\u00f3n homologadas: <\/strong>instalamos cabinas insonorizadas seg\u00fan la normativa <strong>ISO<\/strong>, proporcionando un entorno de trabajo \u00f3ptimo para los int\u00e9rpretes.<\/li><li><strong>Receptores y auriculares ergon\u00f3micos: <\/strong>equipos f\u00e1ciles de utilizar, con selector de <strong>m\u00faltiples canales<\/strong> para eventos multiling\u00fces.<\/li><\/ul>\t\t\t\t\t\t\t\t<\/div>\n\t\t\t\t<div class=\"elementor-element elementor-element-4e3c70f elementor-invisible elementor-widget elementor-widget-button\" data-id=\"4e3c70f\" data-element_type=\"widget\" data-e-type=\"widget\" data-settings=\"{&quot;_animation&quot;:&quot;fadeInUp&quot;}\" data-widget_type=\"button.default\">\n\t\t\t\t\t\t\t\t\t\t<a class=\"elementor-button elementor-button-link elementor-size-sm\" href=\"#formulari\">\n\t\t\t\t\t\t<span class=\"elementor-button-content-wrapper\">\n\t\t\t\t\t\t\t\t\t<span class=\"elementor-button-text\">M\u00e1s informaci\u00f3n<\/span>\n\t\t\t\t\t<\/span>\n\t\t\t\t\t<\/a>\n\t\t\t\t\t\t\t\t<\/div>\n\t\t\t\t<\/div>\n\t\t\t\t\t<\/div>\n\t\t\t\t<\/div>\n\t\t<div class=\"elementor-element elementor-element-52d58d7 e-flex e-con-boxed e-con e-parent\" data-id=\"52d58d7\" data-element_type=\"container\" data-e-type=\"container\" data-settings=\"{&quot;background_background&quot;:&quot;classic&quot;}\">\n\t\t\t\t\t<div class=\"e-con-inner\">\n\t\t<div class=\"elementor-element elementor-element-73ec050 e-con-full e-flex e-con e-child\" data-id=\"73ec050\" data-element_type=\"container\" data-e-type=\"container\">\n\t\t\t\t<div class=\"elementor-element elementor-element-5757445 elementor-view-default elementor-invisible elementor-widget elementor-widget-icon\" data-id=\"5757445\" data-element_type=\"widget\" data-e-type=\"widget\" data-settings=\"{&quot;_animation&quot;:&quot;fadeInDown&quot;}\" data-widget_type=\"icon.default\">\n\t\t\t\t\t\t\t<div class=\"elementor-icon-wrapper\">\n\t\t\t<div class=\"elementor-icon\">\n\t\t\t<svg xmlns=\"http:\/\/www.w3.org\/2000\/svg\" width=\"39\" height=\"40\" viewBox=\"0 0 39 40\" fill=\"none\"><path d=\"M31.4119 26.6765L5.33695 0L0 5.57759L25.9771 32.1539H3.589V40H39V3.38493H31.4119V26.6765Z\" fill=\"\"><\/path><\/svg>\t\t\t<\/div>\n\t\t<\/div>\n\t\t\t\t\t\t<\/div>\n\t\t\t\t<div class=\"elementor-element elementor-element-71fd891 elementor-widget__width-initial elementor-invisible elementor-widget elementor-widget-heading\" data-id=\"71fd891\" data-element_type=\"widget\" data-e-type=\"widget\" data-settings=\"{&quot;_animation&quot;:&quot;fadeInUp&quot;}\" data-widget_type=\"heading.default\">\n\t\t\t\t\t<h3 class=\"elementor-heading-title elementor-size-default\">Traducci\u00f3n simult\u00e1nea remota<\/h3>\t\t\t\t<\/div>\n\t\t\t\t<div class=\"elementor-element elementor-element-42a1f25 elementor-invisible elementor-widget elementor-widget-text-editor\" data-id=\"42a1f25\" data-element_type=\"widget\" data-e-type=\"widget\" data-settings=\"{&quot;_animation&quot;:&quot;fadeIn&quot;}\" data-widget_type=\"text-editor.default\">\n\t\t\t\t\t\t\t\t\t<p>Si tus int\u00e9rpretes no pueden desplazarse o quieres optimizar el espacio en la sala, disponemos de plataformas de \u00faltima generaci\u00f3n para la interpretaci\u00f3n a distancia. Trabajamos con sistemas <strong>seguros y estables<\/strong> que permiten a los int\u00e9rpretes trabajar desde cualquier lugar del mundo con una <strong>latencia casi cero<\/strong>.<\/p><p><strong>Eventos h\u00edbridos:<\/strong>la audiencia puede estar en la sala f\u00edsica escuchando con nuestros <strong>receptores digitales<\/strong>, mientras el int\u00e9rprete traduce desde un hub remoto.<\/p><p>Garantizamos una conexi\u00f3n <strong>estable y cifrada<\/strong>, y nuestro equipo t\u00e9cnico monitoriza la se\u00f1al de <strong>v\u00eddeo y audio<\/strong> en todo momento para asegurar que no haya cortes y que la comunicaci\u00f3n fluya como si todo el mundo estuviera en la misma sala.<\/p>\t\t\t\t\t\t\t\t<\/div>\n\t\t\t\t<div class=\"elementor-element elementor-element-3fa3672 elementor-invisible elementor-widget elementor-widget-button\" data-id=\"3fa3672\" data-element_type=\"widget\" data-e-type=\"widget\" data-settings=\"{&quot;_animation&quot;:&quot;fadeInUp&quot;}\" data-widget_type=\"button.default\">\n\t\t\t\t\t\t\t\t\t\t<a class=\"elementor-button elementor-button-link elementor-size-sm\" href=\"#formulari\">\n\t\t\t\t\t\t<span class=\"elementor-button-content-wrapper\">\n\t\t\t\t\t\t\t\t\t<span class=\"elementor-button-text\">M\u00e1s informaci\u00f3n<\/span>\n\t\t\t\t\t<\/span>\n\t\t\t\t\t<\/a>\n\t\t\t\t\t\t\t\t<\/div>\n\t\t\t\t<\/div>\n\t\t<div class=\"elementor-element elementor-element-9f395bb e-con-full e-flex elementor-invisible e-con e-child\" data-id=\"9f395bb\" data-element_type=\"container\" data-e-type=\"container\" data-settings=\"{&quot;animation&quot;:&quot;fadeInRight&quot;}\">\n\t\t\t\t<div class=\"elementor-element elementor-element-72922c5 elementor-widget elementor-widget-image\" data-id=\"72922c5\" data-element_type=\"widget\" data-e-type=\"widget\" data-widget_type=\"image.default\">\n\t\t\t\t\t\t\t\t\t\t\t\t\t\t\t<img decoding=\"async\" width=\"900\" height=\"900\" src=\"https:\/\/www.wallvideo.es\/wp-content\/uploads\/2026\/01\/Traduccio-simultania-remota-1.jpg\" class=\"attachment-large size-large wp-image-291\" alt=\"Debate and conference systems\" srcset=\"https:\/\/www.wallvideo.es\/wp-content\/uploads\/2026\/01\/Traduccio-simultania-remota-1.jpg 900w, https:\/\/www.wallvideo.es\/wp-content\/uploads\/2026\/01\/Traduccio-simultania-remota-1-300x300.jpg 300w, https:\/\/www.wallvideo.es\/wp-content\/uploads\/2026\/01\/Traduccio-simultania-remota-1-150x150.jpg 150w, https:\/\/www.wallvideo.es\/wp-content\/uploads\/2026\/01\/Traduccio-simultania-remota-1-768x768.jpg 768w\" sizes=\"(max-width: 900px) 100vw, 900px\" \/>\t\t\t\t\t\t\t\t\t\t\t\t\t\t\t<\/div>\n\t\t\t\t<\/div>\n\t\t\t\t\t<\/div>\n\t\t\t\t<\/div>\n\t\t\t\t<\/div>\n\t\t","protected":false},"excerpt":{"rendered":"<p>Interpretaci\u00f3n simult\u00e1nea profesional para eventos multiling\u00fces Ofrecemos un servicio completo que se adapta a cualquier formato de evento, garantizando la m\u00e1xima confidencialidad, calidad de sonido y una experiencia fluida para ponentes y asistentes. Traducci\u00f3n simult\u00e1nea presencial Sistemas de infrarrojos digitales: utilizamos tecnolog\u00eda de \u00faltima generaci\u00f3n que evita interferencias lum\u00ednicas o de radio, asegurando que cada &#8230; <a title=\"Traducci\u00f3n simult\u00e1nea\" class=\"read-more\" href=\"https:\/\/www.wallvideo.es\/es\/traduccion-simultanea\/\" aria-label=\"Leer m\u00e1s sobre Traducci\u00f3n simult\u00e1nea\">Read more<\/a><\/p>\n","protected":false},"author":1,"featured_media":0,"parent":0,"menu_order":0,"comment_status":"closed","ping_status":"closed","template":"elementor_header_footer","meta":{"footnotes":""},"class_list":["post-286","page","type-page","status-publish"],"_links":{"self":[{"href":"https:\/\/www.wallvideo.es\/es\/wp-json\/wp\/v2\/pages\/286","targetHints":{"allow":["GET"]}}],"collection":[{"href":"https:\/\/www.wallvideo.es\/es\/wp-json\/wp\/v2\/pages"}],"about":[{"href":"https:\/\/www.wallvideo.es\/es\/wp-json\/wp\/v2\/types\/page"}],"author":[{"embeddable":true,"href":"https:\/\/www.wallvideo.es\/es\/wp-json\/wp\/v2\/users\/1"}],"replies":[{"embeddable":true,"href":"https:\/\/www.wallvideo.es\/es\/wp-json\/wp\/v2\/comments?post=286"}],"version-history":[{"count":7,"href":"https:\/\/www.wallvideo.es\/es\/wp-json\/wp\/v2\/pages\/286\/revisions"}],"predecessor-version":[{"id":483,"href":"https:\/\/www.wallvideo.es\/es\/wp-json\/wp\/v2\/pages\/286\/revisions\/483"}],"wp:attachment":[{"href":"https:\/\/www.wallvideo.es\/es\/wp-json\/wp\/v2\/media?parent=286"}],"curies":[{"name":"wp","href":"https:\/\/api.w.org\/{rel}","templated":true}]}}